{"id":278,"date":"2018-07-25T07:40:35","date_gmt":"2018-07-25T05:40:35","guid":{"rendered":"http:\/\/k-k-consulting.at\/?page_id=278"},"modified":"2018-07-25T07:40:35","modified_gmt":"2018-07-25T05:40:35","slug":"private-equity-fuer-bestehende-kmu","status":"publish","type":"page","link":"https:\/\/k-k-consulting.at\/?page_id=278","title":{"rendered":"Private Equity f\u00fcr bestehende KMU"},"content":{"rendered":"<p><img loading=\"lazy\" decoding=\"async\" class=\"alignnone size-full wp-image-174\" src=\"https:\/\/k-k-consulting.at\/wp-content\/uploads\/2018\/07\/1233219933_1_b.jpg\" alt=\"\" width=\"171\" height=\"250\" \/><\/p>\n<p>Autor: MMag. Dr. Barbara Kowatsch<br \/>\nBroschiert &#8211; VDM Verlag Dr. M\u00fcller<br \/>\nErscheinungsdatum: 2007<br \/>\nISBN: 978-3-8364-1220-9<\/p>\n<p><a href=\"http:\/\/www.amazon.de\/Private-Equity-f\u00c3\u00bcr-bestehende-KMU\/dp\/3836412209\/ref=sr_1_1\/302-3200619-7939250?ie=UTF8&amp;amp;s=books&amp;amp;qid=1185805443&amp;amp;sr=8-1\" target=\"_blank\" rel=\"noopener\">Bestellen Sie hier<\/a><\/p>\n<p><strong>Inhalt<\/strong><\/p>\n<p>Dieses Buch setzt sich intensiv mit dem Thema Private Equity auseinander. Die praxisorientierte und verst\u00e4ndliche Aufbereitung dieses Themas ist eine wesentliche Unter- st\u00fctzung f\u00fcr Unternehmer, Berater und Studenten.<\/p>\n<p>Im Mittelpunkt der Untersuchung stehen die mit der Eigenkapital\u00fcberlassung verbundenen Mitsprache-, Kontroll- und Einsichtsrechte des Kapitalgebers sowie die M\u00f6glichkeiten der Kapitalerweiterung und die sich ergebenden Kosten der Finanzierung. Zahlreiche Grafiken und Tabellen unterst\u00fctzen die Lesbarkeit und schaffen einen klaren \u00dcberblick \u00fcber dieses komplexe Thema.<\/p>\n<p>Unter der Vielzahl der m\u00f6glichen Eigenkapitalfinanzierungs- instrumente werden Venture Capital Geber und Business Angels anhand der beschriebenen Untersuchungskriterien beleuchtet und sowohl emotionale als auch rationale Gr\u00fcnde erl\u00e4utert, warum diese innovativen Finanzierungsformen bislang nur wenig in Anspruch genommen wurden.<\/p>\n<p>In ihrer Arbeit als Unternehmens- und Finanzberater ist MMag. Dr. Barbara Kowatsch best\u00e4tigt, dass rasche \u00c4nderungen im Wettbewerbsumfeld, immer k\u00fcrzer werdende Produktions- lebenszyklen, die immer schneller wandelnden Kundenbed\u00fcrfnisse sowie die Auswirkungen von Basel II ein Umdenken der kapital- suchenden Unternehmen erfordern. Die St\u00e4rkung der Eigenkapital- ausstattung ist dabei von exorbitanter Notwendigkeit.<\/p>\n<p>Private Equity ist die Chance, seine Marktposition halten, ausbauen und verbessern zu k\u00f6nnen. Private Equity, the power of financial instruments.<\/p>\n","protected":false},"excerpt":{"rendered":"<p>Autor: MMag. Dr. Barbara Kowatsch Broschiert &#8211; VDM Verlag Dr. M\u00fcller Erscheinungsdatum: 2007 ISBN: 978-3-8364-1220-9 Bestellen Sie hier Inhalt Dieses Buch setzt sich intensiv mit dem Thema Private Equity auseinander. Die praxisorientierte und verst\u00e4ndliche Aufbereitung dieses Themas ist eine wesentliche Unter- st\u00fctzung f\u00fcr Unternehmer, Berater und Studenten. Im Mittelpunkt der Untersuchung stehen die mit der [&hellip;]<\/p>\n","protected":false},"author":3,"featured_media":0,"parent":0,"menu_order":0,"comment_status":"closed","ping_status":"closed","template":"","meta":{"site-sidebar-layout":"default","site-content-layout":"default","ast-site-content-layout":"","site-content-style":"default","site-sidebar-style":"default","ast-global-header-display":"","ast-banner-title-visibility":"","ast-main-header-display":"","ast-hfb-above-header-display":"","ast-hfb-below-header-display":"","ast-hfb-mobile-header-display":"","site-post-title":"","ast-breadcrumbs-content":"","ast-featured-img":"","footer-sml-layout":"","theme-transparent-header-meta":"","adv-header-id-meta":"","stick-header-meta":"","header-above-stick-meta":"","header-main-stick-meta":"","header-below-stick-meta":"","astra-migrate-meta-layouts":"default","ast-page-background-enabled":"default","ast-page-background-meta":{"desktop":{"background-color":"var(--ast-global-color-4)","background-image":"","background-repeat":"repeat","background-position":"center center","background-size":"auto","background-attachment":"scroll","background-type":"","background-media":"","overlay-type":"","overlay-color":"","overlay-opacity":"","overlay-gradient":""},"tablet":{"background-color":"","background-image":"","background-repeat":"repeat","background-position":"center center","background-size":"auto","background-attachment":"scroll","background-type":"","background-media":"","overlay-type":"","overlay-color":"","overlay-opacity":"","overlay-gradient":""},"mobile":{"background-color":"","background-image":"","background-repeat":"repeat","background-position":"center center","background-size":"auto","background-attachment":"scroll","background-type":"","background-media":"","overlay-type":"","overlay-color":"","overlay-opacity":"","overlay-gradient":""}},"ast-content-background-meta":{"desktop":{"background-color":"var(--ast-global-color-5)","background-image":"","background-repeat":"repeat","background-position":"center center","background-size":"auto","background-attachment":"scroll","background-type":"","background-media":"","overlay-type":"","overlay-color":"","overlay-opacity":"","overlay-gradient":""},"tablet":{"background-color":"var(--ast-global-color-5)","background-image":"","background-repeat":"repeat","background-position":"center center","background-size":"auto","background-attachment":"scroll","background-type":"","background-media":"","overlay-type":"","overlay-color":"","overlay-opacity":"","overlay-gradient":""},"mobile":{"background-color":"var(--ast-global-color-5)","background-image":"","background-repeat":"repeat","background-position":"center center","background-size":"auto","background-attachment":"scroll","background-type":"","background-media":"","overlay-type":"","overlay-color":"","overlay-opacity":"","overlay-gradient":""}},"footnotes":""},"class_list":["post-278","page","type-page","status-publish","hentry"],"_links":{"self":[{"href":"https:\/\/k-k-consulting.at\/index.php?rest_route=\/wp\/v2\/pages\/278","targetHints":{"allow":["GET"]}}],"collection":[{"href":"https:\/\/k-k-consulting.at\/index.php?rest_route=\/wp\/v2\/pages"}],"about":[{"href":"https:\/\/k-k-consulting.at\/index.php?rest_route=\/wp\/v2\/types\/page"}],"author":[{"embeddable":true,"href":"https:\/\/k-k-consulting.at\/index.php?rest_route=\/wp\/v2\/users\/3"}],"replies":[{"embeddable":true,"href":"https:\/\/k-k-consulting.at\/index.php?rest_route=%2Fwp%2Fv2%2Fcomments&post=278"}],"version-history":[{"count":2,"href":"https:\/\/k-k-consulting.at\/index.php?rest_route=\/wp\/v2\/pages\/278\/revisions"}],"predecessor-version":[{"id":280,"href":"https:\/\/k-k-consulting.at\/index.php?rest_route=\/wp\/v2\/pages\/278\/revisions\/280"}],"wp:attachment":[{"href":"https:\/\/k-k-consulting.at\/index.php?rest_route=%2Fwp%2Fv2%2Fmedia&parent=278"}],"curies":[{"name":"wp","href":"https:\/\/api.w.org\/{rel}","templated":true}]}}