{"id":275,"date":"2018-07-25T07:39:17","date_gmt":"2018-07-25T05:39:17","guid":{"rendered":"http:\/\/k-k-consulting.at\/?page_id=275"},"modified":"2018-07-25T07:43:39","modified_gmt":"2018-07-25T05:43:39","slug":"erfolgsfaktor-netzwerke","status":"publish","type":"page","link":"https:\/\/k-k-consulting.at\/?page_id=275","title":{"rendered":"Erfolgsfaktor Netzwerke"},"content":{"rendered":"<p><strong><img loading=\"lazy\" decoding=\"async\" class=\"alignnone size-full wp-image-173\" src=\"https:\/\/k-k-consulting.at\/wp-content\/uploads\/2018\/07\/1233219926_1_b.jpg\" alt=\"\" width=\"176\" height=\"250\" \/><\/strong><\/p>\n<p><strong>Erfolgsfaktor Netzwerke<\/strong><\/p>\n<p>Autor: MMag. Dr. Barbara Kowatsch<br \/>\nBroschiert &#8211; VDM Verlag Dr. M\u00fcller<br \/>\nErscheinungsdatum: 2005<br \/>\nISBN: 3865500684<\/p>\n<p><a href=\"http:\/\/www.amazon.de\/exec\/obidos\/ASIN\/3865500684\/qid=1112549882\/sr=1-1\/ref=sr_1_8_1\/302-3936050-6253627\" target=\"_blank\" rel=\"noopener\">Bestellen Sie hier<\/a><\/p>\n<p><strong>Inhalt<\/strong><\/p>\n<p>Der zunehmende Wettbewerbsdruck in einem globalisierten Umfeld, geringes Wirtschaftswachstum und die Notwendigkeit zu gleichzeitiger Kostenreduktion fordern von den Unternehmen neue Denk- und Arbeitsweisen. Mehr denn je gilt es, innovative Organisations- und Kooperationsformen zu aktivieren, die eine gr\u00f6\u00dfere r\u00e4umliche und zeitliche Flexibilit\u00e4t erm\u00f6glichen, ohne Fixkosten aufzubauen. Die Zusammenarbeit mehrerer Unternehmen in kooperativen Netzwerken ist eine Organisationsform, die sich weltweit bew\u00e4hrt hat.<\/p>\n<p>Dieses Buch beleuchtet die unterschiedlichen Formen von Unternehmens-netzwerken unter dem ressourcen- und transaktionskostenorientierten An-satzes und stellt die erforderlichen Kriterien f\u00fcr die Auswahl des geeigneten Koorperationspartners dar. Anhand zahlreicher Beispiele verdeutlicht die Autorin Methoden f\u00fcr Unternehmen, um eigene Kernkompetenzen wie Kompetenz- l\u00fccken zu ermitteln und dadurch die Auswahl eines Netzwerk- partners zu optimieren.<\/p>\n<p>\u201eDurch die strukturierte Aufbereitung der einzelnen Formen, um erfolgreich zu einem passenden Kooperationspartner zu gelangen, in Verbindung mit zahlreichen Checklisten im Anhang, stellt dieses Werk einen Leitfaden f\u00fcr Wissenschaft und Praxis dar [&#8230;] und zeigt Wege f\u00fcr einen erfolgreichen Start im Lebenszyklus von Kooperationen.\u201c Dipl. Ing. Johann Mutzl (Wirt-schaftskammer K\u00e4rnten, \u00d6sterreich)<\/p>\n","protected":false},"excerpt":{"rendered":"<p>Erfolgsfaktor Netzwerke Autor: MMag. Dr. Barbara Kowatsch Broschiert &#8211; VDM Verlag Dr. M\u00fcller Erscheinungsdatum: 2005 ISBN: 3865500684 Bestellen Sie hier Inhalt Der zunehmende Wettbewerbsdruck in einem globalisierten Umfeld, geringes Wirtschaftswachstum und die Notwendigkeit zu gleichzeitiger Kostenreduktion fordern von den Unternehmen neue Denk- und Arbeitsweisen. Mehr denn je gilt es, innovative Organisations- und Kooperationsformen zu aktivieren, [&hellip;]<\/p>\n","protected":false},"author":3,"featured_media":0,"parent":0,"menu_order":0,"comment_status":"closed","ping_status":"closed","template":"","meta":{"site-sidebar-layout":"default","site-content-layout":"default","ast-site-content-layout":"","site-content-style":"default","site-sidebar-style":"default","ast-global-header-display":"","ast-banner-title-visibility":"","ast-main-header-display":"","ast-hfb-above-header-display":"","ast-hfb-below-header-display":"","ast-hfb-mobile-header-display":"","site-post-title":"","ast-breadcrumbs-content":"","ast-featured-img":"","footer-sml-layout":"","theme-transparent-header-meta":"","adv-header-id-meta":"","stick-header-meta":"","header-above-stick-meta":"","header-main-stick-meta":"","header-below-stick-meta":"","astra-migrate-meta-layouts":"default","ast-page-background-enabled":"default","ast-page-background-meta":{"desktop":{"background-color":"var(--ast-global-color-4)","background-image":"","background-repeat":"repeat","background-position":"center center","background-size":"auto","background-attachment":"scroll","background-type":"","background-media":"","overlay-type":"","overlay-color":"","overlay-opacity":"","overlay-gradient":""},"tablet":{"background-color":"","background-image":"","background-repeat":"repeat","background-position":"center center","background-size":"auto","background-attachment":"scroll","background-type":"","background-media":"","overlay-type":"","overlay-color":"","overlay-opacity":"","overlay-gradient":""},"mobile":{"background-color":"","background-image":"","background-repeat":"repeat","background-position":"center center","background-size":"auto","background-attachment":"scroll","background-type":"","background-media":"","overlay-type":"","overlay-color":"","overlay-opacity":"","overlay-gradient":""}},"ast-content-background-meta":{"desktop":{"background-color":"var(--ast-global-color-5)","background-image":"","background-repeat":"repeat","background-position":"center center","background-size":"auto","background-attachment":"scroll","background-type":"","background-media":"","overlay-type":"","overlay-color":"","overlay-opacity":"","overlay-gradient":""},"tablet":{"background-color":"var(--ast-global-color-5)","background-image":"","background-repeat":"repeat","background-position":"center center","background-size":"auto","background-attachment":"scroll","background-type":"","background-media":"","overlay-type":"","overlay-color":"","overlay-opacity":"","overlay-gradient":""},"mobile":{"background-color":"var(--ast-global-color-5)","background-image":"","background-repeat":"repeat","background-position":"center center","background-size":"auto","background-attachment":"scroll","background-type":"","background-media":"","overlay-type":"","overlay-color":"","overlay-opacity":"","overlay-gradient":""}},"footnotes":""},"class_list":["post-275","page","type-page","status-publish","hentry"],"_links":{"self":[{"href":"https:\/\/k-k-consulting.at\/index.php?rest_route=\/wp\/v2\/pages\/275","targetHints":{"allow":["GET"]}}],"collection":[{"href":"https:\/\/k-k-consulting.at\/index.php?rest_route=\/wp\/v2\/pages"}],"about":[{"href":"https:\/\/k-k-consulting.at\/index.php?rest_route=\/wp\/v2\/types\/page"}],"author":[{"embeddable":true,"href":"https:\/\/k-k-consulting.at\/index.php?rest_route=\/wp\/v2\/users\/3"}],"replies":[{"embeddable":true,"href":"https:\/\/k-k-consulting.at\/index.php?rest_route=%2Fwp%2Fv2%2Fcomments&post=275"}],"version-history":[{"count":3,"href":"https:\/\/k-k-consulting.at\/index.php?rest_route=\/wp\/v2\/pages\/275\/revisions"}],"predecessor-version":[{"id":284,"href":"https:\/\/k-k-consulting.at\/index.php?rest_route=\/wp\/v2\/pages\/275\/revisions\/284"}],"wp:attachment":[{"href":"https:\/\/k-k-consulting.at\/index.php?rest_route=%2Fwp%2Fv2%2Fmedia&parent=275"}],"curies":[{"name":"wp","href":"https:\/\/api.w.org\/{rel}","templated":true}]}}