{"id":242,"date":"2018-07-25T06:51:07","date_gmt":"2018-07-25T04:51:07","guid":{"rendered":"http:\/\/k-k-consulting.at\/?page_id=242"},"modified":"2025-06-23T15:25:03","modified_gmt":"2025-06-23T13:25:03","slug":"profil-manfred-krassnigg-mba-msc","status":"publish","type":"page","link":"https:\/\/k-k-consulting.at\/?page_id=242","title":{"rendered":"Profil Manfred Krassnigg, MBA MSc"},"content":{"rendered":"<p>Head of IT bei adidas Austria GmbH<\/p>\n<p>2004 Gr\u00fcndung des Unternehmens &#8222;K &amp; K Consulting&#8220; Unternehmens- &amp; Verm\u00f6gensberatung &#8211; Versicherungsmanagement<\/p>\n<p>2004 gewerblicher Unternehmensberater<\/p>\n<p>2004 gewerblicher Verm\u00f6gensberater<\/p>\n<p>2005 bis 2010 Mitglied im Ausschuss der Finanzdienstleister der Wirtschaftskammer K\u00e4rnten<\/p>\n<p>2007 Vortragender im WIFI K\u00e4rnten\u00a0f\u00fcr die Ausbildung zum gewerblichen Verm\u00f6gensberater<\/p>\n<p>2008 Akademischer Betriebsorganisator<\/p>\n<p>2009 Mitglied im Veranlagungsausschuss der Stadt Klagenfurt<\/p>\n<p>2009 MSc &#8211; Master of Science\u00a0(Mediation and Conflict Management)<\/p>\n<p>2009 MBA &#8211; Master of Business Administration<\/p>\n<p>2010 gewerblicher Versicherungsagent<\/p>\n<p align=\"justify\">2013 Tr\u00e4ger des G\u00fctesiegel der gewerblichen Verm\u00f6gensberater<\/p>\n<p align=\"justify\"><a href=\"https:\/\/www.wko.at\/branchen\/information-consulting\/finanzdienstleister\/traeger-und-traegerinnen-guetesiegel-kaernten.html\">https:\/\/www.wko.at\/branchen\/information-consulting\/finanzdienstleister\/traeger-und-traegerinnen-guetesiegel-kaernten.html<\/a><\/p>\n<p align=\"justify\">2014 sehr gutes Ergebnis bei der Wahl zum Verm\u00f6gensberater des Jahres &#8211; durchgef\u00fchrt von der Wirtschaftskammer \u00d6sterreich<\/p>\n<p align=\"justify\">2017 Platz 2 bei der Wahl zum Verm\u00f6gensberater des Jahres 2016\u00a0&#8211; durchgef\u00fchrt von der Wirtschaftskammer \u00d6sterreich<\/p>\n<p align=\"justify\"><a href=\"https:\/\/www.wko.at\/branchen\/k\/information-consulting\/finanzdienstleister\/Kaerntner-sind-Vermoegensberater-des-Jahres.html\">https:\/\/www.wko.at\/branchen\/k\/information-consulting\/finanzdienstleister\/Kaerntner-sind-Vermoegensberater-des-Jahres.html<\/a><\/p>\n<p>2019\u00a0Mitglied im Ausschuss der Finanzdienstleister der Wirtschaftskammer K\u00e4rnten<\/p>\n<p><a href=\"https:\/\/www.wko.at\/service\/funktionaere.html?orgid=20233\">https:\/\/www.wko.at\/service\/funktionaere.html?orgid=20233<\/a><\/p>\n<p>2025 06 30 Ende Mitglied im Ausschuss der Finanzdienstleister der Wirtschaftskammer K\u00e4rnten und Beendigung Gewerbe Verm\u00f6gensberatung<\/p>\n","protected":false},"excerpt":{"rendered":"<p>Head of IT bei adidas Austria GmbH 2004 Gr\u00fcndung des Unternehmens &#8222;K &amp; K Consulting&#8220; Unternehmens- &amp; Verm\u00f6gensberatung &#8211; Versicherungsmanagement 2004 gewerblicher Unternehmensberater 2004 gewerblicher Verm\u00f6gensberater 2005 bis 2010 Mitglied im Ausschuss der Finanzdienstleister der Wirtschaftskammer K\u00e4rnten 2007 Vortragender im WIFI K\u00e4rnten\u00a0f\u00fcr die Ausbildung zum gewerblichen Verm\u00f6gensberater 2008 Akademischer Betriebsorganisator 2009 Mitglied im Veranlagungsausschuss der [&hellip;]<\/p>\n","protected":false},"author":3,"featured_media":0,"parent":0,"menu_order":0,"comment_status":"closed","ping_status":"closed","template":"","meta":{"site-sidebar-layout":"default","site-content-layout":"default","ast-site-content-layout":"default","site-content-style":"default","site-sidebar-style":"default","ast-global-header-display":"","ast-banner-title-visibility":"","ast-main-header-display":"","ast-hfb-above-header-display":"","ast-hfb-below-header-display":"","ast-hfb-mobile-header-display":"","site-post-title":"","ast-breadcrumbs-content":"","ast-featured-img":"","footer-sml-layout":"","theme-transparent-header-meta":"","adv-header-id-meta":"","stick-header-meta":"","header-above-stick-meta":"","header-main-stick-meta":"","header-below-stick-meta":"","astra-migrate-meta-layouts":"set","ast-page-background-enabled":"default","ast-page-background-meta":{"desktop":{"background-color":"var(--ast-global-color-4)","background-image":"","background-repeat":"repeat","background-position":"center center","background-size":"auto","background-attachment":"scroll","background-type":"","background-media":"","overlay-type":"","overlay-color":"","overlay-opacity":"","overlay-gradient":""},"tablet":{"background-color":"","background-image":"","background-repeat":"repeat","background-position":"center center","background-size":"auto","background-attachment":"scroll","background-type":"","background-media":"","overlay-type":"","overlay-color":"","overlay-opacity":"","overlay-gradient":""},"mobile":{"background-color":"","background-image":"","background-repeat":"repeat","background-position":"center center","background-size":"auto","background-attachment":"scroll","background-type":"","background-media":"","overlay-type":"","overlay-color":"","overlay-opacity":"","overlay-gradient":""}},"ast-content-background-meta":{"desktop":{"background-color":"var(--ast-global-color-5)","background-image":"","background-repeat":"repeat","background-position":"center center","background-size":"auto","background-attachment":"scroll","background-type":"","background-media":"","overlay-type":"","overlay-color":"","overlay-opacity":"","overlay-gradient":""},"tablet":{"background-color":"var(--ast-global-color-5)","background-image":"","background-repeat":"repeat","background-position":"center center","background-size":"auto","background-attachment":"scroll","background-type":"","background-media":"","overlay-type":"","overlay-color":"","overlay-opacity":"","overlay-gradient":""},"mobile":{"background-color":"var(--ast-global-color-5)","background-image":"","background-repeat":"repeat","background-position":"center center","background-size":"auto","background-attachment":"scroll","background-type":"","background-media":"","overlay-type":"","overlay-color":"","overlay-opacity":"","overlay-gradient":""}},"footnotes":""},"class_list":["post-242","page","type-page","status-publish","hentry"],"_links":{"self":[{"href":"https:\/\/k-k-consulting.at\/index.php?rest_route=\/wp\/v2\/pages\/242","targetHints":{"allow":["GET"]}}],"collection":[{"href":"https:\/\/k-k-consulting.at\/index.php?rest_route=\/wp\/v2\/pages"}],"about":[{"href":"https:\/\/k-k-consulting.at\/index.php?rest_route=\/wp\/v2\/types\/page"}],"author":[{"embeddable":true,"href":"https:\/\/k-k-consulting.at\/index.php?rest_route=\/wp\/v2\/users\/3"}],"replies":[{"embeddable":true,"href":"https:\/\/k-k-consulting.at\/index.php?rest_route=%2Fwp%2Fv2%2Fcomments&post=242"}],"version-history":[{"count":10,"href":"https:\/\/k-k-consulting.at\/index.php?rest_route=\/wp\/v2\/pages\/242\/revisions"}],"predecessor-version":[{"id":418,"href":"https:\/\/k-k-consulting.at\/index.php?rest_route=\/wp\/v2\/pages\/242\/revisions\/418"}],"wp:attachment":[{"href":"https:\/\/k-k-consulting.at\/index.php?rest_route=%2Fwp%2Fv2%2Fmedia&parent=242"}],"curies":[{"name":"wp","href":"https:\/\/api.w.org\/{rel}","templated":true}]}}