{"id":110,"date":"2018-07-19T23:21:51","date_gmt":"2018-07-19T21:21:51","guid":{"rendered":"http:\/\/k-k-consulting.at\/?page_id=110"},"modified":"2025-06-23T15:22:53","modified_gmt":"2025-06-23T13:22:53","slug":"start","status":"publish","type":"page","link":"https:\/\/k-k-consulting.at\/","title":{"rendered":"Herzlich willkommen bei K&#038;K Consulting!"},"content":{"rendered":"<p><img loading=\"lazy\" decoding=\"async\" class=\" wp-image-8 alignleft\" src=\"https:\/\/k-k-consulting.at\/wp-content\/uploads\/2018\/07\/Loesung-300x183.jpg\" alt=\"\" width=\"347\" height=\"212\" srcset=\"https:\/\/k-k-consulting.at\/wp-content\/uploads\/2018\/07\/Loesung-300x183.jpg 300w, https:\/\/k-k-consulting.at\/wp-content\/uploads\/2018\/07\/Loesung.jpg 410w\" sizes=\"auto, (max-width: 347px) 100vw, 347px\" \/><strong>Unternehmensberatung &#8211; <\/strong><strong><strong>Versicherungsmanagement<\/strong><\/strong><\/p>\n<p>Sie mit jener Qualit\u00e4t zu beraten und zu unterst\u00fctzen, dass Ihr Erfolg und der Erfolg Ihres gesamten Teams signifikant verbessert wird, dies ist unsere Vision.<br \/>Wir analysieren, beraten, planen, organisieren und verhandeln ausschlie\u00dflich in Ihrem Interesse &#8211; l\u00f6sungs- und zielorientiert &#8211; um Ihre gew\u00fcnschten Ziele effizient und effektiv zu erreichen.<\/p>\n<p>N\u00e4here Details zu unseren Gesch\u00e4ftsbereichen entnehmen Sie bitte rechts unter dem Men\u00fcpunkt &#8222;Beratungsleistungen&#8220;.<\/p>\n<p>Wir freuen uns auf ein Gespr\u00e4ch mit Ihnen\u00a0&#8211; unsere Erfahrung ist Ihr Gewinn.<\/p>\n<blockquote>\n<p>&#8222;Alles Denkbare ist auch machbar.&#8220;<br \/>Albert Einstein<\/p>\n<\/blockquote>\n\n\n<p> <strong><em>Wir verwenden KEINE Cookies<\/em><\/strong> <\/p>\n","protected":false},"excerpt":{"rendered":"<p>Unternehmensberatung &#8211; Versicherungsmanagement Sie mit jener Qualit\u00e4t zu beraten und zu unterst\u00fctzen, dass Ihr Erfolg und der Erfolg Ihres gesamten Teams signifikant verbessert wird, dies ist unsere Vision.Wir analysieren, beraten, planen, organisieren und verhandeln ausschlie\u00dflich in Ihrem Interesse &#8211; l\u00f6sungs- und zielorientiert &#8211; um Ihre gew\u00fcnschten Ziele effizient und effektiv zu erreichen. N\u00e4here Details zu [&hellip;]<\/p>\n","protected":false},"author":2,"featured_media":0,"parent":0,"menu_order":0,"comment_status":"closed","ping_status":"closed","template":"","meta":{"site-sidebar-layout":"default","site-content-layout":"default","ast-site-content-layout":"default","site-content-style":"default","site-sidebar-style":"default","ast-global-header-display":"","ast-banner-title-visibility":"","ast-main-header-display":"","ast-hfb-above-header-display":"","ast-hfb-below-header-display":"","ast-hfb-mobile-header-display":"","site-post-title":"","ast-breadcrumbs-content":"","ast-featured-img":"","footer-sml-layout":"","ast-disable-related-posts":"","theme-transparent-header-meta":"","adv-header-id-meta":"","stick-header-meta":"","header-above-stick-meta":"","header-main-stick-meta":"","header-below-stick-meta":"","astra-migrate-meta-layouts":"set","ast-page-background-enabled":"default","ast-page-background-meta":{"desktop":{"background-color":"var(--ast-global-color-4)","background-image":"","background-repeat":"repeat","background-position":"center center","background-size":"auto","background-attachment":"scroll","background-type":"","background-media":"","overlay-type":"","overlay-color":"","overlay-opacity":"","overlay-gradient":""},"tablet":{"background-color":"","background-image":"","background-repeat":"repeat","background-position":"center center","background-size":"auto","background-attachment":"scroll","background-type":"","background-media":"","overlay-type":"","overlay-color":"","overlay-opacity":"","overlay-gradient":""},"mobile":{"background-color":"","background-image":"","background-repeat":"repeat","background-position":"center center","background-size":"auto","background-attachment":"scroll","background-type":"","background-media":"","overlay-type":"","overlay-color":"","overlay-opacity":"","overlay-gradient":""}},"ast-content-background-meta":{"desktop":{"background-color":"var(--ast-global-color-5)","background-image":"","background-repeat":"repeat","background-position":"center center","background-size":"auto","background-attachment":"scroll","background-type":"","background-media":"","overlay-type":"","overlay-color":"","overlay-opacity":"","overlay-gradient":""},"tablet":{"background-color":"var(--ast-global-color-5)","background-image":"","background-repeat":"repeat","background-position":"center center","background-size":"auto","background-attachment":"scroll","background-type":"","background-media":"","overlay-type":"","overlay-color":"","overlay-opacity":"","overlay-gradient":""},"mobile":{"background-color":"var(--ast-global-color-5)","background-image":"","background-repeat":"repeat","background-position":"center center","background-size":"auto","background-attachment":"scroll","background-type":"","background-media":"","overlay-type":"","overlay-color":"","overlay-opacity":"","overlay-gradient":""}},"footnotes":""},"class_list":["post-110","page","type-page","status-publish","hentry"],"_links":{"self":[{"href":"https:\/\/k-k-consulting.at\/index.php?rest_route=\/wp\/v2\/pages\/110","targetHints":{"allow":["GET"]}}],"collection":[{"href":"https:\/\/k-k-consulting.at\/index.php?rest_route=\/wp\/v2\/pages"}],"about":[{"href":"https:\/\/k-k-consulting.at\/index.php?rest_route=\/wp\/v2\/types\/page"}],"author":[{"embeddable":true,"href":"https:\/\/k-k-consulting.at\/index.php?rest_route=\/wp\/v2\/users\/2"}],"replies":[{"embeddable":true,"href":"https:\/\/k-k-consulting.at\/index.php?rest_route=%2Fwp%2Fv2%2Fcomments&post=110"}],"version-history":[{"count":13,"href":"https:\/\/k-k-consulting.at\/index.php?rest_route=\/wp\/v2\/pages\/110\/revisions"}],"predecessor-version":[{"id":415,"href":"https:\/\/k-k-consulting.at\/index.php?rest_route=\/wp\/v2\/pages\/110\/revisions\/415"}],"wp:attachment":[{"href":"https:\/\/k-k-consulting.at\/index.php?rest_route=%2Fwp%2Fv2%2Fmedia&parent=110"}],"curies":[{"name":"wp","href":"https:\/\/api.w.org\/{rel}","templated":true}]}}